{"id":1108,"date":"2019-09-12T13:44:37","date_gmt":"2019-09-12T16:44:37","guid":{"rendered":"https:\/\/grandprix.qodeinteractive.com\/?page_id=1108"},"modified":"2022-05-08T15:48:05","modified_gmt":"2022-05-08T18:48:05","slug":"contato","status":"publish","type":"page","link":"https:\/\/gibatrader.com.br\/fr\/contato\/","title":{"rendered":"Contato"},"content":{"rendered":"<p>[vc_row disable_background_image=&#8221;&#8221;][vc_column offset=&#8221;vc_hidden-md vc_hidden-sm vc_hidden-xs&#8221;][vc_empty_space height=&#8221;105px&#8221;][\/vc_column][\/vc_row][vc_row disable_background_image=&#8221;&#8221; css=&#8221;.vc_custom_1568634188480{padding-top: 36px !important;}&#8221;][vc_column][vc_gmaps link=&#8221;#E-8_JTNDaWZyYW1lJTIwc3JjJTNEJTIyaHR0cHMlM0ElMkYlMkZ3d3cuZ29vZ2xlLmNvbSUyRm1hcHMlMkZlbWJlZCUzRnBiJTNEJTIxMW0xOCUyMTFtMTIlMjExbTMlMjExZDk3NDc1LjUwMDU3NDQ1MDIxJTIxMmQtOC40ODYzMTQ5NDAyOTQ2MTclMjEzZDQwLjIyODg2OTkwNDY3NjU4NiUyMTJtMyUyMTFmMCUyMTJmMCUyMTNmMCUyMTNtMiUyMTFpMTAyNCUyMTJpNzY4JTIxNGYxMy4xJTIxM20zJTIxMW0yJTIxMXMweGQyMmY5MTQ0YWFjZDE2ZCUyNTNBMHg2MzQ1NjQ0NzdiNDJhNmI5JTIxMnNDb2ltYnJhJTIxNWUwJTIxM20yJTIxMXNwdC1QVCUyMTJzcHQlMjE0djE2NTA5MDA4MjExNDclMjE1bTIlMjExc3B0LVBUJTIxMnNwdCUyMiUyMHdpZHRoJTNEJTIyMTkyMCUyMiUyMGhlaWdodCUzRCUyMjcwMCUyMiUyMHN0eWxlJTNEJTIyYm9yZGVyJTNBMCUzQiUyMiUyMGFsbG93ZnVsbHNjcmVlbiUzRCUyMiUyMiUyMGxvYWRpbmclM0QlMjJsYXp5JTIyJTIwcmVmZXJyZXJwb2xpY3klM0QlMjJuby1yZWZlcnJlci13aGVuLWRvd25ncmFkZSUyMiUzRSUzQyUyRmlmcmFtZSUzRQ==&#8221; size=&#8221;700&#8243;][\/vc_column][\/vc_row][vc_row row_content_width=&#8221;grid&#8221; disable_background_image=&#8221;&#8221; vertical_lines=&#8221;yes&#8221; css=&#8221;.vc_custom_1568375152289{padding-top: 119px !important;padding-bottom: 130px !important;}&#8221;][vc_column css=&#8221;.vc_custom_1568375291782{padding-top: 0px !important;}&#8221; offset=&#8221;vc_col-lg-6&#8243;]<div class=\"mkdf-section-title-holder    mkdf-has-appear-animation\" style=\"padding: 0 0 20% 0 0\">\n\t<div class=\"mkdf-st-inner\">\n\t\t\t<span class=\"mkdf-st-tagline\" >\n\t\t\tmentoria\t\t<\/span>\n\t\t\t\t\t\t<h2 class=\"mkdf-st-title\" >\n\t\t\t\t\t\t\t\t\tEntre em<br \/> contato\t\t\t\t\t\t\t<\/h2>\n\t\t\t\t\t\t\t<p class=\"mkdf-st-text\" >\n\t\t\t\tEstamos sempre dispon\u00edveis para fornecer ajuda e assist\u00eancia que voc\u00ea precisa para ser um Trader de sucesso.\t\t\t<\/p>\n\t\t\t\t\t<\/div>\n<\/div>[vc_empty_space height=&#8221;40px&#8221;][vc_column_text]<\/p>\n<h4>E-mail e Telefone<\/h4>\n<p>[\/vc_column_text][vc_empty_space height=&#8221;17px&#8221;]<div class=\"mkdf-iwt clearfix  mkdf-iwt-icon-left mkdf-iwt-icon-tiny mkdf-has-appear-animation\">\n\t\t\t\t\t\t<div class=\"mkdf-iwt-icon\">\n\t\t\t\t\t\t\t\t\t\t\t\t\t\t\t    <span class=\"mkdf-icon-shortcode mkdf-normal   mkdf-icon-tiny\"  data-color=\"#ed1d24\">\n                    <span aria-hidden=\"true\" class=\"mkdf-icon-font-elegant icon_pin_alt mkdf-icon-element\" style=\"color: #ed1d24\" ><\/span>            <\/span>\n\t\t\t\t\t\t\t\t<\/div>\n\t\t\t<div class=\"mkdf-iwt-content\" style=\"padding-left: 16px\">\n\t\t\t\t\t\t\t\t\t\t\t<p class=\"mkdf-iwt-text\" style=\"margin-top: 0px\">Coimbra - Portugal<\/p>\n\t\t\t\t\t<\/div>\n\t\t\t<\/div>\n[vc_empty_space height=&#8221;16px&#8221;]<div class=\"mkdf-iwt clearfix  mkdf-iwt-icon-left mkdf-iwt-icon-tiny mkdf-has-appear-animation\">\n\t\t\t<a itemprop=\"url\" href=\"https:\/\/api.whatsapp.com\/send\/?phone=351966069201&#038;text&#038;app_absent=0\" target=\"_blank\" >\n\t\t\t\t\t\t<div class=\"mkdf-iwt-icon\">\n\t\t\t\t\t\t\t\t\t\t\t\t\t\t\t    <span class=\"mkdf-icon-shortcode mkdf-normal   mkdf-icon-tiny\"  data-color=\"#ed1d24\">\n                    <i class=\"mkdf-icon-simple-line-icon icon-phone mkdf-icon-element\" style=\"color: #ed1d24\" ><\/i>            <\/span>\n\t\t\t\t\t\t\t\t<\/div>\n\t\t\t<div class=\"mkdf-iwt-content\" style=\"padding-left: 16px\">\n\t\t\t\t\t\t\t\t\t\t\t<p class=\"mkdf-iwt-text\" style=\"margin-top: 0px\">+351 966 069 201<\/p>\n\t\t\t\t\t<\/div>\n\t\t\t\t\t<\/a>\n<\/div>\n[vc_empty_space height=&#8221;11px&#8221;]<div class=\"mkdf-iwt clearfix  mkdf-iwt-icon-left mkdf-iwt-icon-tiny mkdf-has-appear-animation\">\n\t\t\t<a itemprop=\"url\" href=\"mailto:giba@gibatrader.com.br\" target=\"_self\" >\n\t\t\t\t\t\t<div class=\"mkdf-iwt-icon\">\n\t\t\t\t\t\t\t\t\t\t\t\t\t\t\t    <span class=\"mkdf-icon-shortcode mkdf-normal   mkdf-icon-tiny\"  data-color=\"#ed1d24\">\n                    <span aria-hidden=\"true\" class=\"mkdf-icon-font-elegant icon_mail_alt mkdf-icon-element\" style=\"color: #ed1d24\" ><\/span>            <\/span>\n\t\t\t\t\t\t\t\t<\/div>\n\t\t\t<div class=\"mkdf-iwt-content\" style=\"padding-left: 16px\">\n\t\t\t\t\t\t\t\t\t\t\t<p class=\"mkdf-iwt-text\" style=\"margin-top: 4px\">giba@gibatrader.com.br<\/p>\n\t\t\t\t\t<\/div>\n\t\t\t\t\t<\/a>\n<\/div>\n[\/vc_column][vc_column css=&#8221;.vc_custom_1568375299030{padding-top: 0px !important;}&#8221; offset=&#8221;vc_col-lg-6&#8243;]<div class=\"mkdf-elements-holder   mkdf-one-column  mkdf-responsive-mode-768\" ><div class=\"mkdf-eh-item\"  data-item-class=\"mkdf-eh-custom-7840\" data-769-1024=\"50px 0 0\" data-681-768=\"50px 0 0\" data-680=\"50px 0 0\">\n\t<div class=\"mkdf-eh-item-inner\">\n\t\t<div class=\"mkdf-eh-item-content mkdf-eh-custom-7840\" style=\"padding: 0px 0 0 36px\">\n\t\t\t\n<div class=\"wpcf7 no-js\" id=\"wpcf7-f420-o1\" lang=\"en-US\" dir=\"ltr\" data-wpcf7-id=\"420\">\n<div class=\"screen-reader-response\"><p role=\"status\" aria-live=\"polite\" aria-atomic=\"true\"><\/p> <ul><\/ul><\/div>\n<form action=\"\/fr\/wp-json\/wp\/v2\/pages\/1108#wpcf7-f420-o1\" method=\"post\" class=\"wpcf7-form init\" aria-label=\"Contact form\" novalidate=\"novalidate\" data-status=\"init\" data-trp-original-action=\"\/fr\/wp-json\/wp\/v2\/pages\/1108#wpcf7-f420-o1\">\n<fieldset class=\"hidden-fields-container\"><input type=\"hidden\" name=\"_wpcf7\" value=\"420\" \/><input type=\"hidden\" name=\"_wpcf7_version\" value=\"6.1.5\" \/><input type=\"hidden\" name=\"_wpcf7_locale\" value=\"en_US\" \/><input type=\"hidden\" name=\"_wpcf7_unit_tag\" value=\"wpcf7-f420-o1\" \/><input type=\"hidden\" name=\"_wpcf7_container_post\" value=\"0\" \/><input type=\"hidden\" name=\"_wpcf7_posted_data_hash\" value=\"\" \/><input type=\"hidden\" name=\"_wpcf7_recaptcha_response\" value=\"\" \/>\n<\/fieldset>\n<div class=\"mkdf-cf7-custom-style\">\n\t<p><label> Nome:<br \/>\n<span class=\"wpcf7-form-control-wrap\" data-name=\"your-name\"><input size=\"40\" maxlength=\"400\" class=\"wpcf7-form-control wpcf7-text wpcf7-validates-as-required\" aria-required=\"true\" aria-invalid=\"false\" value=\"\" type=\"text\" name=\"your-name\" \/><\/span> <\/label><br \/>\n<label> E-mail:<br \/>\n<span class=\"wpcf7-form-control-wrap\" data-name=\"your-email\"><input size=\"40\" maxlength=\"400\" class=\"wpcf7-form-control wpcf7-email wpcf7-validates-as-required wpcf7-text wpcf7-validates-as-email\" aria-required=\"true\" aria-invalid=\"false\" value=\"\" type=\"email\" name=\"your-email\" \/><\/span> <\/label><br \/>\n<label> Mensagem:<br \/>\n<span class=\"wpcf7-form-control-wrap\" data-name=\"your-message\"><textarea cols=\"40\" rows=\"5\" maxlength=\"2000\" class=\"wpcf7-form-control wpcf7-textarea\" aria-invalid=\"false\" name=\"your-message\"><\/textarea><\/span> <\/label><button class=\"wpcf7-form-control wpcf7-submit mkdf-btn mkdf-btn-medium mkdf-btn-solid\" type=\"submit\"><span class=\"mkdf-btn-text\">Enviar mensagem<\/span><\/button>\n\t<\/p>\n<\/div><div class=\"wpcf7-response-output\" aria-hidden=\"true\"><\/div>\n<input type=\"hidden\" name=\"trp-form-language\" value=\"fr\"\/><\/form>\n<\/div>\n\t\t<\/div>\n\t<\/div>\n<\/div><\/div>[\/vc_column][\/vc_row][vc_row disable_element=&#8221;yes&#8221; row_content_width=&#8221;grid&#8221; disable_background_image=&#8221;&#8221; vertical_lines=&#8221;yes&#8221; css=&#8221;.vc_custom_1568373063042{padding-top: 124px !important;padding-bottom: 72px !important;}&#8221;][vc_column width=&#8221;1\/2&#8243;]<div class=\"mkdf-section-title-holder    mkdf-has-appear-animation\" style=\"padding: 0 0 20% 0 0\">\n\t<div class=\"mkdf-st-inner\">\n\t\t\t<span class=\"mkdf-st-tagline\" >\n\t\t\tadrenaline\t\t<\/span>\n\t\t\t\t\t\t<h2 class=\"mkdf-st-title\" >\n\t\t\t\t\t\t\t\t\timprove general rideability\t\t\t\t\t\t\t<\/h2>\n\t\t\t\t\t\t\t<p class=\"mkdf-st-text\" >\n\t\t\t\tLorem ipsum dolor sit amet, consectetur adipiscing elit. Etiam aliquet mi sapien, a malesuada tellus vehicula ac. Aliquam accumsan sapien sit amet lectus varius, vel lobortis urna tempus. Aliquam hendrerit felis eget ultrices tempus onec consequat mattis ullamcorper.\t\t\t<\/p>\n\t\t\t\t\t<\/div>\n<\/div>[vc_empty_space height=&#8221;70px&#8221;][vc_column_text]<\/p>\n<h4>Office in New York<\/h4>\n<p>[\/vc_column_text][vc_column_text]<img loading=\"lazy\" decoding=\"async\" class=\"alignmiddle wp-image-1217 size-full alignleft\" src=\"https:\/\/grandprix.qodeinteractive.com\/wp-content\/uploads\/2019\/09\/p3-iwt-img-1.png\" alt=\"d\" width=\"16\" height=\"21\" \/> <a href=\"https:\/\/www.google.com\/maps\/place\/7300+Colonial+Rd,+Brooklyn,+NY+11209,+USA\/@40.6341271,-74.0347961,17z\/data=!3m1!4b1!4m5!3m4!1s0x89c24ff82ba70fed:0x9510b406c4651972!8m2!3d40.634123!4d-74.0326074\" target=\"_blank\" rel=\"noopener noreferrer\"><span style=\"color: #808080;\">7300-7398 Colonial Rd, NY, USA<\/span><\/a>[\/vc_column_text][vc_empty_space height=&#8221;9px&#8221;][vc_column_text]<img loading=\"lazy\" decoding=\"async\" class=\"mkdf-mrgn-center wp-image-1218 size-full alignleft\" src=\"https:\/\/grandprix.qodeinteractive.com\/wp-content\/uploads\/2019\/09\/p3-iwt-img-2.png\" alt=\"j\" width=\"19\" height=\"19\" \/><a href=\"tel:1231245678901\">+ (123) 12,4-567-8901<\/a>[\/vc_column_text][vc_empty_space height=&#8221;6px&#8221;][vc_column_text]<img loading=\"lazy\" decoding=\"async\" class=\"mkdf-mrgn-center wp-image-1219 size-full alignleft\" src=\"https:\/\/grandprix.qodeinteractive.com\/wp-content\/uploads\/2019\/09\/p3-iwt-img-3.png\" alt=\"g\" width=\"18\" height=\"18\" \/><a href=\"mailto:grandprix@qodeinteractive.com\">grandprix@qodeinteractive.com<\/a>[\/vc_column_text][\/vc_column][vc_column width=&#8221;1\/2&#8243;]\n<div class=\"wpcf7 no-js\" id=\"wpcf7-f420-o2\" lang=\"en-US\" dir=\"ltr\" data-wpcf7-id=\"420\">\n<div class=\"screen-reader-response\"><p role=\"status\" aria-live=\"polite\" aria-atomic=\"true\"><\/p> <ul><\/ul><\/div>\n<form action=\"\/fr\/wp-json\/wp\/v2\/pages\/1108#wpcf7-f420-o2\" method=\"post\" class=\"wpcf7-form init\" aria-label=\"Contact form\" novalidate=\"novalidate\" data-status=\"init\" data-trp-original-action=\"\/fr\/wp-json\/wp\/v2\/pages\/1108#wpcf7-f420-o2\">\n<fieldset class=\"hidden-fields-container\"><input type=\"hidden\" name=\"_wpcf7\" value=\"420\" \/><input type=\"hidden\" name=\"_wpcf7_version\" value=\"6.1.5\" \/><input type=\"hidden\" name=\"_wpcf7_locale\" value=\"en_US\" \/><input type=\"hidden\" name=\"_wpcf7_unit_tag\" value=\"wpcf7-f420-o2\" \/><input type=\"hidden\" name=\"_wpcf7_container_post\" value=\"0\" \/><input type=\"hidden\" name=\"_wpcf7_posted_data_hash\" value=\"\" \/><input type=\"hidden\" name=\"_wpcf7_recaptcha_response\" value=\"\" \/>\n<\/fieldset>\n<div class=\"mkdf-cf7-custom-style\">\n\t<p><label> Nome:<br \/>\n<span class=\"wpcf7-form-control-wrap\" data-name=\"your-name\"><input size=\"40\" maxlength=\"400\" class=\"wpcf7-form-control wpcf7-text wpcf7-validates-as-required\" aria-required=\"true\" aria-invalid=\"false\" value=\"\" type=\"text\" name=\"your-name\" \/><\/span> <\/label><br \/>\n<label> E-mail:<br \/>\n<span class=\"wpcf7-form-control-wrap\" data-name=\"your-email\"><input size=\"40\" maxlength=\"400\" class=\"wpcf7-form-control wpcf7-email wpcf7-validates-as-required wpcf7-text wpcf7-validates-as-email\" aria-required=\"true\" aria-invalid=\"false\" value=\"\" type=\"email\" name=\"your-email\" \/><\/span> <\/label><br \/>\n<label> Mensagem:<br \/>\n<span class=\"wpcf7-form-control-wrap\" data-name=\"your-message\"><textarea cols=\"40\" rows=\"5\" maxlength=\"2000\" class=\"wpcf7-form-control wpcf7-textarea\" aria-invalid=\"false\" name=\"your-message\"><\/textarea><\/span> <\/label><button class=\"wpcf7-form-control wpcf7-submit mkdf-btn mkdf-btn-medium mkdf-btn-solid\" type=\"submit\"><span class=\"mkdf-btn-text\">Enviar mensagem<\/span><\/button>\n\t<\/p>\n<\/div><div class=\"wpcf7-response-output\" aria-hidden=\"true\"><\/div>\n<input type=\"hidden\" name=\"trp-form-language\" value=\"fr\"\/><\/form>\n<\/div>\n[\/vc_column][\/vc_row]<\/p>","protected":false},"excerpt":{"rendered":"<p>[vc_row disable_background_image=&#8221;&#8221;][vc_column offset=&#8221;vc_hidden-md vc_hidden-sm vc_hidden-xs&#8221;][vc_empty_space height=&#8221;105px&#8221;][\/vc_column][\/vc_row][vc_row disable_background_image=&#8221;&#8221; css=&#8221;.vc_custom_1568634188480{padding-top: 36px !important;}&#8221;][vc_column][vc_gmaps link=&#8221;#E-8_JTNDaWZyYW1lJTIwc3JjJTNEJTIyaHR0cHMlM0ElMkYlMkZ3d3cuZ29vZ2xlLmNvbSUyRm1hcHMlMkZlbWJlZCUzRnBiJTNEJTIxMW0xOCUyMTFtMTIlMjExbTMlMjExZDk3NDc1LjUwMDU3NDQ1MDIxJTIxMmQtOC40ODYzMTQ5NDAyOTQ2MTclMjEzZDQwLjIyODg2OTkwNDY3NjU4NiUyMTJtMyUyMTFmMCUyMTJmMCUyMTNmMCUyMTNtMiUyMTFpMTAyNCUyMTJpNzY4JTIxNGYxMy4xJTIxM20zJTIxMW0yJTIxMXMweGQyMmY5MTQ0YWFjZDE2ZCUyNTNBMHg2MzQ1NjQ0NzdiNDJhNmI5JTIxMnNDb2ltYnJhJTIxNWUwJTIxM20yJTIxMXNwdC1QVCUyMTJzcHQlMjE0djE2NTA5MDA4MjExNDclMjE1bTIlMjExc3B0LVBUJTIxMnNwdCUyMiUyMHdpZHRoJTNEJTIyMTkyMCUyMiUyMGhlaWdodCUzRCUyMjcwMCUyMiUyMHN0eWxlJTNEJTIyYm9yZGVyJTNBMCUzQiUyMiUyMGFsbG93ZnVsbHNjcmVlbiUzRCUyMiUyMiUyMGxvYWRpbmclM0QlMjJsYXp5JTIyJTIwcmVmZXJyZXJwb2xpY3klM0QlMjJuby1yZWZlcnJlci13aGVuLWRvd25ncmFkZSUyMiUzRSUzQyUyRmlmcmFtZSUzRQ==&#8221; size=&#8221;700&#8243;][\/vc_column][\/vc_row][vc_row row_content_width=&#8221;grid&#8221; disable_background_image=&#8221;&#8221; vertical_lines=&#8221;yes&#8221; css=&#8221;.vc_custom_1568375152289{padding-top: 119px !important;padding-bottom: 130px !important;}&#8221;][vc_column css=&#8221;.vc_custom_1568375291782{padding-top: 0px !important;}&#8221; offset=&#8221;vc_col-lg-6&#8243;][vc_empty_space height=&#8221;40px&#8221;][vc_column_text] E-mail e Telefone [\/vc_column_text][vc_empty_space height=&#8221;17px&#8221;][vc_empty_space height=&#8221;16px&#8221;][vc_empty_space height=&#8221;11px&#8221;][\/vc_column][vc_column css=&#8221;.vc_custom_1568375299030{padding-top: 0px !important;}&#8221; offset=&#8221;vc_col-lg-6&#8243;][\/vc_column][\/vc_row][vc_row disable_element=&#8221;yes&#8221; row_content_width=&#8221;grid&#8221; disable_background_image=&#8221;&#8221; vertical_lines=&#8221;yes&#8221; css=&#8221;.vc_custom_1568373063042{padding-top: 124px !important;padding-bottom: 72px !important;}&#8221;][vc_column width=&#8221;1\/2&#8243;][vc_empty_space height=&#8221;70px&#8221;][vc_column_text] Office in New York [&hellip;]<\/p>","protected":false},"author":1,"featured_media":0,"parent":0,"menu_order":0,"comment_status":"closed","ping_status":"closed","template":"full-width.php","meta":{"footnotes":""},"class_list":["post-1108","page","type-page","status-publish","hentry"],"yoast_head":"<!-- This site is optimized with the Yoast SEO plugin v26.8 - https:\/\/yoast.com\/product\/yoast-seo-wordpress\/ -->\n<title>Contato - Giba Trader<\/title>\n<meta name=\"robots\" content=\"index, follow, max-snippet:-1, max-image-preview:large, max-video-preview:-1\" \/>\n<link rel=\"canonical\" href=\"https:\/\/gibatrader.com.br\/fr\/contato\/\" \/>\n<meta property=\"og:locale\" content=\"fr_FR\" \/>\n<meta property=\"og:type\" content=\"article\" \/>\n<meta property=\"og:title\" content=\"Contato - Giba Trader\" \/>\n<meta property=\"og:description\" content=\"[vc_row disable_background_image=&#8221;&#8221;][vc_column offset=&#8221;vc_hidden-md vc_hidden-sm vc_hidden-xs&#8221;][vc_empty_space height=&#8221;105px&#8221;][\/vc_column][\/vc_row][vc_row disable_background_image=&#8221;&#8221; css=&#8221;.vc_custom_1568634188480{padding-top: 36px !important;}&#8221;][vc_column][vc_gmaps link=&#8221;#E-8_JTNDaWZyYW1lJTIwc3JjJTNEJTIyaHR0cHMlM0ElMkYlMkZ3d3cuZ29vZ2xlLmNvbSUyRm1hcHMlMkZlbWJlZCUzRnBiJTNEJTIxMW0xOCUyMTFtMTIlMjExbTMlMjExZDk3NDc1LjUwMDU3NDQ1MDIxJTIxMmQtOC40ODYzMTQ5NDAyOTQ2MTclMjEzZDQwLjIyODg2OTkwNDY3NjU4NiUyMTJtMyUyMTFmMCUyMTJmMCUyMTNmMCUyMTNtMiUyMTFpMTAyNCUyMTJpNzY4JTIxNGYxMy4xJTIxM20zJTIxMW0yJTIxMXMweGQyMmY5MTQ0YWFjZDE2ZCUyNTNBMHg2MzQ1NjQ0NzdiNDJhNmI5JTIxMnNDb2ltYnJhJTIxNWUwJTIxM20yJTIxMXNwdC1QVCUyMTJzcHQlMjE0djE2NTA5MDA4MjExNDclMjE1bTIlMjExc3B0LVBUJTIxMnNwdCUyMiUyMHdpZHRoJTNEJTIyMTkyMCUyMiUyMGhlaWdodCUzRCUyMjcwMCUyMiUyMHN0eWxlJTNEJTIyYm9yZGVyJTNBMCUzQiUyMiUyMGFsbG93ZnVsbHNjcmVlbiUzRCUyMiUyMiUyMGxvYWRpbmclM0QlMjJsYXp5JTIyJTIwcmVmZXJyZXJwb2xpY3klM0QlMjJuby1yZWZlcnJlci13aGVuLWRvd25ncmFkZSUyMiUzRSUzQyUyRmlmcmFtZSUzRQ==&#8221; size=&#8221;700&#8243;][\/vc_column][\/vc_row][vc_row row_content_width=&#8221;grid&#8221; disable_background_image=&#8221;&#8221; vertical_lines=&#8221;yes&#8221; css=&#8221;.vc_custom_1568375152289{padding-top: 119px !important;padding-bottom: 130px !important;}&#8221;][vc_column css=&#8221;.vc_custom_1568375291782{padding-top: 0px !important;}&#8221; offset=&#8221;vc_col-lg-6&#8243;][vc_empty_space height=&#8221;40px&#8221;][vc_column_text] E-mail e Telefone [\/vc_column_text][vc_empty_space height=&#8221;17px&#8221;][vc_empty_space height=&#8221;16px&#8221;][vc_empty_space height=&#8221;11px&#8221;][\/vc_column][vc_column css=&#8221;.vc_custom_1568375299030{padding-top: 0px !important;}&#8221; offset=&#8221;vc_col-lg-6&#8243;][\/vc_column][\/vc_row][vc_row disable_element=&#8221;yes&#8221; row_content_width=&#8221;grid&#8221; disable_background_image=&#8221;&#8221; vertical_lines=&#8221;yes&#8221; css=&#8221;.vc_custom_1568373063042{padding-top: 124px !important;padding-bottom: 72px !important;}&#8221;][vc_column width=&#8221;1\/2&#8243;][vc_empty_space height=&#8221;70px&#8221;][vc_column_text] Office in New York [&hellip;]\" \/>\n<meta property=\"og:url\" content=\"https:\/\/gibatrader.com.br\/fr\/contato\/\" \/>\n<meta property=\"og:site_name\" content=\"Giba Trader\" \/>\n<meta property=\"article:publisher\" content=\"https:\/\/www.facebook.com\/gibatrader\" \/>\n<meta property=\"article:modified_time\" content=\"2022-05-08T18:48:05+00:00\" \/>\n<meta property=\"og:image\" content=\"https:\/\/grandprix.qodeinteractive.com\/wp-content\/uploads\/2019\/09\/p3-iwt-img-1.png\" \/>\n<meta name=\"twitter:card\" content=\"summary_large_image\" \/>\n<meta name=\"twitter:site\" content=\"@GibaTrader\" \/>\n<meta name=\"twitter:label1\" content=\"Dur\u00e9e de lecture estim\u00e9e\" \/>\n\t<meta name=\"twitter:data1\" content=\"2 minutes\" \/>\n<script type=\"application\/ld+json\" class=\"yoast-schema-graph\">{\"@context\":\"https:\/\/schema.org\",\"@graph\":[{\"@type\":\"WebPage\",\"@id\":\"https:\/\/gibatrader.com.br\/contato\/\",\"url\":\"https:\/\/gibatrader.com.br\/contato\/\",\"name\":\"Contato - Giba Trader\",\"isPartOf\":{\"@id\":\"https:\/\/gibatrader.com.br\/#website\"},\"primaryImageOfPage\":{\"@id\":\"https:\/\/gibatrader.com.br\/contato\/#primaryimage\"},\"image\":{\"@id\":\"https:\/\/gibatrader.com.br\/contato\/#primaryimage\"},\"thumbnailUrl\":\"https:\/\/grandprix.qodeinteractive.com\/wp-content\/uploads\/2019\/09\/p3-iwt-img-1.png\",\"datePublished\":\"2019-09-12T16:44:37+00:00\",\"dateModified\":\"2022-05-08T18:48:05+00:00\",\"breadcrumb\":{\"@id\":\"https:\/\/gibatrader.com.br\/contato\/#breadcrumb\"},\"inLanguage\":\"fr-FR\",\"potentialAction\":[{\"@type\":\"ReadAction\",\"target\":[\"https:\/\/gibatrader.com.br\/contato\/\"]}]},{\"@type\":\"ImageObject\",\"inLanguage\":\"fr-FR\",\"@id\":\"https:\/\/gibatrader.com.br\/contato\/#primaryimage\",\"url\":\"https:\/\/grandprix.qodeinteractive.com\/wp-content\/uploads\/2019\/09\/p3-iwt-img-1.png\",\"contentUrl\":\"https:\/\/grandprix.qodeinteractive.com\/wp-content\/uploads\/2019\/09\/p3-iwt-img-1.png\"},{\"@type\":\"BreadcrumbList\",\"@id\":\"https:\/\/gibatrader.com.br\/contato\/#breadcrumb\",\"itemListElement\":[{\"@type\":\"ListItem\",\"position\":1,\"name\":\"Home\",\"item\":\"https:\/\/gibatrader.com.br\/\"},{\"@type\":\"ListItem\",\"position\":2,\"name\":\"Contato\"}]},{\"@type\":\"WebSite\",\"@id\":\"https:\/\/gibatrader.com.br\/#website\",\"url\":\"https:\/\/gibatrader.com.br\/\",\"name\":\"Giba Trader - Professional Trader\",\"description\":\"An\u00e1lises do Mercado Financeiro\",\"publisher\":{\"@id\":\"https:\/\/gibatrader.com.br\/#organization\"},\"potentialAction\":[{\"@type\":\"SearchAction\",\"target\":{\"@type\":\"EntryPoint\",\"urlTemplate\":\"https:\/\/gibatrader.com.br\/?s={search_term_string}\"},\"query-input\":{\"@type\":\"PropertyValueSpecification\",\"valueRequired\":true,\"valueName\":\"search_term_string\"}}],\"inLanguage\":\"fr-FR\"},{\"@type\":\"Organization\",\"@id\":\"https:\/\/gibatrader.com.br\/#organization\",\"name\":\"Giba Trader\",\"url\":\"https:\/\/gibatrader.com.br\/\",\"logo\":{\"@type\":\"ImageObject\",\"inLanguage\":\"fr-FR\",\"@id\":\"https:\/\/gibatrader.com.br\/#\/schema\/logo\/image\/\",\"url\":\"\",\"contentUrl\":\"\",\"caption\":\"Giba Trader\"},\"image\":{\"@id\":\"https:\/\/gibatrader.com.br\/#\/schema\/logo\/image\/\"},\"sameAs\":[\"https:\/\/www.facebook.com\/gibatrader\",\"https:\/\/x.com\/GibaTrader\",\"https:\/\/www.instagram.com\/gibatrader\/\",\"https:\/\/www.youtube.com\/channel\/UCcrQJjjLCp_fpYw8ErsGapw\"]}]}<\/script>\n<!-- \/ Yoast SEO plugin. -->","yoast_head_json":{"title":"Contato - Giba Trader","robots":{"index":"index","follow":"follow","max-snippet":"max-snippet:-1","max-image-preview":"max-image-preview:large","max-video-preview":"max-video-preview:-1"},"canonical":"https:\/\/gibatrader.com.br\/fr\/contato\/","og_locale":"fr_FR","og_type":"article","og_title":"Contato - Giba Trader","og_description":"[vc_row disable_background_image=&#8221;&#8221;][vc_column offset=&#8221;vc_hidden-md vc_hidden-sm vc_hidden-xs&#8221;][vc_empty_space height=&#8221;105px&#8221;][\/vc_column][\/vc_row][vc_row disable_background_image=&#8221;&#8221; css=&#8221;.vc_custom_1568634188480{padding-top: 36px !important;}&#8221;][vc_column][vc_gmaps link=&#8221;#E-8_JTNDaWZyYW1lJTIwc3JjJTNEJTIyaHR0cHMlM0ElMkYlMkZ3d3cuZ29vZ2xlLmNvbSUyRm1hcHMlMkZlbWJlZCUzRnBiJTNEJTIxMW0xOCUyMTFtMTIlMjExbTMlMjExZDk3NDc1LjUwMDU3NDQ1MDIxJTIxMmQtOC40ODYzMTQ5NDAyOTQ2MTclMjEzZDQwLjIyODg2OTkwNDY3NjU4NiUyMTJtMyUyMTFmMCUyMTJmMCUyMTNmMCUyMTNtMiUyMTFpMTAyNCUyMTJpNzY4JTIxNGYxMy4xJTIxM20zJTIxMW0yJTIxMXMweGQyMmY5MTQ0YWFjZDE2ZCUyNTNBMHg2MzQ1NjQ0NzdiNDJhNmI5JTIxMnNDb2ltYnJhJTIxNWUwJTIxM20yJTIxMXNwdC1QVCUyMTJzcHQlMjE0djE2NTA5MDA4MjExNDclMjE1bTIlMjExc3B0LVBUJTIxMnNwdCUyMiUyMHdpZHRoJTNEJTIyMTkyMCUyMiUyMGhlaWdodCUzRCUyMjcwMCUyMiUyMHN0eWxlJTNEJTIyYm9yZGVyJTNBMCUzQiUyMiUyMGFsbG93ZnVsbHNjcmVlbiUzRCUyMiUyMiUyMGxvYWRpbmclM0QlMjJsYXp5JTIyJTIwcmVmZXJyZXJwb2xpY3klM0QlMjJuby1yZWZlcnJlci13aGVuLWRvd25ncmFkZSUyMiUzRSUzQyUyRmlmcmFtZSUzRQ==&#8221; size=&#8221;700&#8243;][\/vc_column][\/vc_row][vc_row row_content_width=&#8221;grid&#8221; disable_background_image=&#8221;&#8221; vertical_lines=&#8221;yes&#8221; css=&#8221;.vc_custom_1568375152289{padding-top: 119px !important;padding-bottom: 130px !important;}&#8221;][vc_column css=&#8221;.vc_custom_1568375291782{padding-top: 0px !important;}&#8221; offset=&#8221;vc_col-lg-6&#8243;][vc_empty_space height=&#8221;40px&#8221;][vc_column_text] E-mail e Telefone [\/vc_column_text][vc_empty_space height=&#8221;17px&#8221;][vc_empty_space height=&#8221;16px&#8221;][vc_empty_space height=&#8221;11px&#8221;][\/vc_column][vc_column css=&#8221;.vc_custom_1568375299030{padding-top: 0px !important;}&#8221; offset=&#8221;vc_col-lg-6&#8243;][\/vc_column][\/vc_row][vc_row disable_element=&#8221;yes&#8221; row_content_width=&#8221;grid&#8221; disable_background_image=&#8221;&#8221; vertical_lines=&#8221;yes&#8221; css=&#8221;.vc_custom_1568373063042{padding-top: 124px !important;padding-bottom: 72px !important;}&#8221;][vc_column width=&#8221;1\/2&#8243;][vc_empty_space height=&#8221;70px&#8221;][vc_column_text] Office in New York [&hellip;]","og_url":"https:\/\/gibatrader.com.br\/fr\/contato\/","og_site_name":"Giba Trader","article_publisher":"https:\/\/www.facebook.com\/gibatrader","article_modified_time":"2022-05-08T18:48:05+00:00","og_image":[{"url":"https:\/\/grandprix.qodeinteractive.com\/wp-content\/uploads\/2019\/09\/p3-iwt-img-1.png","type":"","width":"","height":""}],"twitter_card":"summary_large_image","twitter_site":"@GibaTrader","twitter_misc":{"Dur\u00e9e de lecture estim\u00e9e":"2 minutes"},"schema":{"@context":"https:\/\/schema.org","@graph":[{"@type":"WebPage","@id":"https:\/\/gibatrader.com.br\/contato\/","url":"https:\/\/gibatrader.com.br\/contato\/","name":"Contato - Giba Trader","isPartOf":{"@id":"https:\/\/gibatrader.com.br\/#website"},"primaryImageOfPage":{"@id":"https:\/\/gibatrader.com.br\/contato\/#primaryimage"},"image":{"@id":"https:\/\/gibatrader.com.br\/contato\/#primaryimage"},"thumbnailUrl":"https:\/\/grandprix.qodeinteractive.com\/wp-content\/uploads\/2019\/09\/p3-iwt-img-1.png","datePublished":"2019-09-12T16:44:37+00:00","dateModified":"2022-05-08T18:48:05+00:00","breadcrumb":{"@id":"https:\/\/gibatrader.com.br\/contato\/#breadcrumb"},"inLanguage":"fr-FR","potentialAction":[{"@type":"ReadAction","target":["https:\/\/gibatrader.com.br\/contato\/"]}]},{"@type":"ImageObject","inLanguage":"fr-FR","@id":"https:\/\/gibatrader.com.br\/contato\/#primaryimage","url":"https:\/\/grandprix.qodeinteractive.com\/wp-content\/uploads\/2019\/09\/p3-iwt-img-1.png","contentUrl":"https:\/\/grandprix.qodeinteractive.com\/wp-content\/uploads\/2019\/09\/p3-iwt-img-1.png"},{"@type":"BreadcrumbList","@id":"https:\/\/gibatrader.com.br\/contato\/#breadcrumb","itemListElement":[{"@type":"ListItem","position":1,"name":"Home","item":"https:\/\/gibatrader.com.br\/"},{"@type":"ListItem","position":2,"name":"Contato"}]},{"@type":"WebSite","@id":"https:\/\/gibatrader.com.br\/#website","url":"https:\/\/gibatrader.com.br\/","name":"Giba Trader - Professional Trader","description":"An\u00e1lises do Mercado Financeiro","publisher":{"@id":"https:\/\/gibatrader.com.br\/#organization"},"potentialAction":[{"@type":"SearchAction","target":{"@type":"EntryPoint","urlTemplate":"https:\/\/gibatrader.com.br\/?s={search_term_string}"},"query-input":{"@type":"PropertyValueSpecification","valueRequired":true,"valueName":"search_term_string"}}],"inLanguage":"fr-FR"},{"@type":"Organization","@id":"https:\/\/gibatrader.com.br\/#organization","name":"Giba Trader","url":"https:\/\/gibatrader.com.br\/","logo":{"@type":"ImageObject","inLanguage":"fr-FR","@id":"https:\/\/gibatrader.com.br\/#\/schema\/logo\/image\/","url":"","contentUrl":"","caption":"Giba Trader"},"image":{"@id":"https:\/\/gibatrader.com.br\/#\/schema\/logo\/image\/"},"sameAs":["https:\/\/www.facebook.com\/gibatrader","https:\/\/x.com\/GibaTrader","https:\/\/www.instagram.com\/gibatrader\/","https:\/\/www.youtube.com\/channel\/UCcrQJjjLCp_fpYw8ErsGapw"]}]}},"_links":{"self":[{"href":"https:\/\/gibatrader.com.br\/fr\/wp-json\/wp\/v2\/pages\/1108","targetHints":{"allow":["GET"]}}],"collection":[{"href":"https:\/\/gibatrader.com.br\/fr\/wp-json\/wp\/v2\/pages"}],"about":[{"href":"https:\/\/gibatrader.com.br\/fr\/wp-json\/wp\/v2\/types\/page"}],"author":[{"embeddable":true,"href":"https:\/\/gibatrader.com.br\/fr\/wp-json\/wp\/v2\/users\/1"}],"replies":[{"embeddable":true,"href":"https:\/\/gibatrader.com.br\/fr\/wp-json\/wp\/v2\/comments?post=1108"}],"version-history":[{"count":27,"href":"https:\/\/gibatrader.com.br\/fr\/wp-json\/wp\/v2\/pages\/1108\/revisions"}],"predecessor-version":[{"id":3816,"href":"https:\/\/gibatrader.com.br\/fr\/wp-json\/wp\/v2\/pages\/1108\/revisions\/3816"}],"wp:attachment":[{"href":"https:\/\/gibatrader.com.br\/fr\/wp-json\/wp\/v2\/media?parent=1108"}],"curies":[{"name":"wp","href":"https:\/\/api.w.org\/{rel}","templated":true}]}}